{"id":1068,"date":"2025-09-25T18:09:29","date_gmt":"2025-09-25T18:09:29","guid":{"rendered":"https:\/\/fundacioncrecer.net\/catalogo\/?post_type=product&#038;p=1068"},"modified":"2026-03-23T16:39:52","modified_gmt":"2026-03-23T16:39:52","slug":"pack-guias-3ero-basico-tomo-1-y-2-libro-de-lectura-edicion-2025","status":"publish","type":"product","link":"https:\/\/fundacioncrecer.net\/catalogo\/producto\/pack-guias-3ero-basico-tomo-1-y-2-libro-de-lectura-edicion-2025\/","title":{"rendered":"PACK 3 BASICO GUIAS DEL ESTUDIANTE + LIBRO DE LECTURA"},"content":{"rendered":"<p>GU\u00cdAS DEL ESTUDAINTE 3\u00ba B\u00c1SICO 2 TOMOS + LIBRO DE LECTURA<\/p>\n","protected":false},"excerpt":{"rendered":"<p>GU\u00cdAS DEL ESTUDAINTE 3\u00ba B\u00c1SICO 2 TOMOS + LIBRO DE LECTURA<\/p>\n","protected":false},"featured_media":1069,"comment_status":"open","ping_status":"closed","template":"","meta":[],"product_brand":[],"product_cat":[41,48],"product_tag":[],"class_list":{"0":"post-1068","1":"product","2":"type-product","3":"status-publish","4":"has-post-thumbnail","6":"product_cat-guia","7":"product_cat-libro","9":"first","10":"instock","11":"shipping-taxable","12":"purchasable","13":"product-type-simple"},"yoast_head":"<!-- This site is optimized with the Yoast SEO plugin v26.9 - https:\/\/yoast.com\/product\/yoast-seo-wordpress\/ -->\n<title>PACK 3 BASICO GUIAS DEL ESTUDIANTE + LIBRO DE LECTURA - Cat\u00e1logo Fundaci\u00f3n Crecer con Todos<\/title>\n<meta name=\"robots\" content=\"index, follow, max-snippet:-1, max-image-preview:large, max-video-preview:-1\" \/>\n<link rel=\"canonical\" href=\"https:\/\/fundacioncrecer.net\/catalogo\/producto\/pack-guias-3ero-basico-tomo-1-y-2-libro-de-lectura-edicion-2025\/\" \/>\n<meta property=\"og:locale\" content=\"es_ES\" \/>\n<meta property=\"og:type\" content=\"article\" \/>\n<meta property=\"og:title\" content=\"PACK 3 BASICO GUIAS DEL ESTUDIANTE + LIBRO DE LECTURA - Cat\u00e1logo Fundaci\u00f3n Crecer con Todos\" \/>\n<meta property=\"og:description\" content=\"GU\u00cdAS DEL ESTUDAINTE 3\u00ba B\u00c1SICO 2 TOMOS + LIBRO DE LECTURA\" \/>\n<meta property=\"og:url\" content=\"https:\/\/fundacioncrecer.net\/catalogo\/producto\/pack-guias-3ero-basico-tomo-1-y-2-libro-de-lectura-edicion-2025\/\" \/>\n<meta property=\"og:site_name\" content=\"Cat\u00e1logo Fundaci\u00f3n Crecer con Todos\" \/>\n<meta property=\"article:modified_time\" content=\"2026-03-23T16:39:52+00:00\" \/>\n<meta property=\"og:image\" content=\"https:\/\/fundacioncrecer.net\/catalogo\/wp-content\/uploads\/2025\/09\/3ero-basico-1019x1024.png\" \/>\n\t<meta property=\"og:image:width\" content=\"1019\" \/>\n\t<meta property=\"og:image:height\" content=\"1024\" \/>\n\t<meta property=\"og:image:type\" content=\"image\/png\" \/>\n<meta name=\"twitter:card\" content=\"summary_large_image\" \/>\n<meta name=\"twitter:label1\" content=\"Tiempo de lectura\" \/>\n\t<meta name=\"twitter:data1\" content=\"1 minuto\" \/>\n<script type=\"application\/ld+json\" class=\"yoast-schema-graph\">{\"@context\":\"https:\/\/schema.org\",\"@graph\":[{\"@type\":\"WebPage\",\"@id\":\"https:\/\/fundacioncrecer.net\/catalogo\/producto\/pack-guias-3ero-basico-tomo-1-y-2-libro-de-lectura-edicion-2025\/\",\"url\":\"https:\/\/fundacioncrecer.net\/catalogo\/producto\/pack-guias-3ero-basico-tomo-1-y-2-libro-de-lectura-edicion-2025\/\",\"name\":\"PACK 3 BASICO GUIAS DEL ESTUDIANTE + LIBRO DE LECTURA - Cat\u00e1logo Fundaci\u00f3n Crecer con Todos\",\"isPartOf\":{\"@id\":\"https:\/\/fundacioncrecer.net\/catalogo\/#website\"},\"primaryImageOfPage\":{\"@id\":\"https:\/\/fundacioncrecer.net\/catalogo\/producto\/pack-guias-3ero-basico-tomo-1-y-2-libro-de-lectura-edicion-2025\/#primaryimage\"},\"image\":{\"@id\":\"https:\/\/fundacioncrecer.net\/catalogo\/producto\/pack-guias-3ero-basico-tomo-1-y-2-libro-de-lectura-edicion-2025\/#primaryimage\"},\"thumbnailUrl\":\"https:\/\/fundacioncrecer.net\/catalogo\/wp-content\/uploads\/2025\/09\/3ero-basico-scaled.png\",\"datePublished\":\"2025-09-25T18:09:29+00:00\",\"dateModified\":\"2026-03-23T16:39:52+00:00\",\"breadcrumb\":{\"@id\":\"https:\/\/fundacioncrecer.net\/catalogo\/producto\/pack-guias-3ero-basico-tomo-1-y-2-libro-de-lectura-edicion-2025\/#breadcrumb\"},\"inLanguage\":\"es\",\"potentialAction\":[{\"@type\":\"ReadAction\",\"target\":[\"https:\/\/fundacioncrecer.net\/catalogo\/producto\/pack-guias-3ero-basico-tomo-1-y-2-libro-de-lectura-edicion-2025\/\"]}]},{\"@type\":\"ImageObject\",\"inLanguage\":\"es\",\"@id\":\"https:\/\/fundacioncrecer.net\/catalogo\/producto\/pack-guias-3ero-basico-tomo-1-y-2-libro-de-lectura-edicion-2025\/#primaryimage\",\"url\":\"https:\/\/fundacioncrecer.net\/catalogo\/wp-content\/uploads\/2025\/09\/3ero-basico-scaled.png\",\"contentUrl\":\"https:\/\/fundacioncrecer.net\/catalogo\/wp-content\/uploads\/2025\/09\/3ero-basico-scaled.png\",\"width\":2549,\"height\":2560},{\"@type\":\"BreadcrumbList\",\"@id\":\"https:\/\/fundacioncrecer.net\/catalogo\/producto\/pack-guias-3ero-basico-tomo-1-y-2-libro-de-lectura-edicion-2025\/#breadcrumb\",\"itemListElement\":[{\"@type\":\"ListItem\",\"position\":1,\"name\":\"Portada\",\"item\":\"https:\/\/fundacioncrecer.net\/catalogo\/\"},{\"@type\":\"ListItem\",\"position\":2,\"name\":\"Tienda\",\"item\":\"https:\/\/fundacioncrecer.net\/catalogo\/\"},{\"@type\":\"ListItem\",\"position\":3,\"name\":\"PACK 3 BASICO GUIAS DEL ESTUDIANTE + LIBRO DE LECTURA\"}]},{\"@type\":\"WebSite\",\"@id\":\"https:\/\/fundacioncrecer.net\/catalogo\/#website\",\"url\":\"https:\/\/fundacioncrecer.net\/catalogo\/\",\"name\":\"Cat\u00e1logo Fundaci\u00f3n Crecer con Todos\",\"description\":\"Cat\u00e1logo Fundaci\u00f3n Crecer con Todos\",\"publisher\":{\"@id\":\"https:\/\/fundacioncrecer.net\/catalogo\/#organization\"},\"potentialAction\":[{\"@type\":\"SearchAction\",\"target\":{\"@type\":\"EntryPoint\",\"urlTemplate\":\"https:\/\/fundacioncrecer.net\/catalogo\/?s={search_term_string}\"},\"query-input\":{\"@type\":\"PropertyValueSpecification\",\"valueRequired\":true,\"valueName\":\"search_term_string\"}}],\"inLanguage\":\"es\"},{\"@type\":\"Organization\",\"@id\":\"https:\/\/fundacioncrecer.net\/catalogo\/#organization\",\"name\":\"Cat\u00e1logo Fundaci\u00f3n Crecer con Todos\",\"url\":\"https:\/\/fundacioncrecer.net\/catalogo\/\",\"logo\":{\"@type\":\"ImageObject\",\"inLanguage\":\"es\",\"@id\":\"https:\/\/fundacioncrecer.net\/catalogo\/#\/schema\/logo\/image\/\",\"url\":\"https:\/\/fundacioncrecer.net\/catalogo\/wp-content\/uploads\/2022\/03\/cropped-logo.CCT_.primero.lee_-e1642468348196.png\",\"contentUrl\":\"https:\/\/fundacioncrecer.net\/catalogo\/wp-content\/uploads\/2022\/03\/cropped-logo.CCT_.primero.lee_-e1642468348196.png\",\"width\":500,\"height\":243,\"caption\":\"Cat\u00e1logo Fundaci\u00f3n Crecer con Todos\"},\"image\":{\"@id\":\"https:\/\/fundacioncrecer.net\/catalogo\/#\/schema\/logo\/image\/\"}}]}<\/script>\n<!-- \/ Yoast SEO plugin. -->","yoast_head_json":{"title":"PACK 3 BASICO GUIAS DEL ESTUDIANTE + LIBRO DE LECTURA - Cat\u00e1logo Fundaci\u00f3n Crecer con Todos","robots":{"index":"index","follow":"follow","max-snippet":"max-snippet:-1","max-image-preview":"max-image-preview:large","max-video-preview":"max-video-preview:-1"},"canonical":"https:\/\/fundacioncrecer.net\/catalogo\/producto\/pack-guias-3ero-basico-tomo-1-y-2-libro-de-lectura-edicion-2025\/","og_locale":"es_ES","og_type":"article","og_title":"PACK 3 BASICO GUIAS DEL ESTUDIANTE + LIBRO DE LECTURA - Cat\u00e1logo Fundaci\u00f3n Crecer con Todos","og_description":"GU\u00cdAS DEL ESTUDAINTE 3\u00ba B\u00c1SICO 2 TOMOS + LIBRO DE LECTURA","og_url":"https:\/\/fundacioncrecer.net\/catalogo\/producto\/pack-guias-3ero-basico-tomo-1-y-2-libro-de-lectura-edicion-2025\/","og_site_name":"Cat\u00e1logo Fundaci\u00f3n Crecer con Todos","article_modified_time":"2026-03-23T16:39:52+00:00","og_image":[{"width":1019,"height":1024,"url":"https:\/\/fundacioncrecer.net\/catalogo\/wp-content\/uploads\/2025\/09\/3ero-basico-1019x1024.png","type":"image\/png"}],"twitter_card":"summary_large_image","twitter_misc":{"Tiempo de lectura":"1 minuto"},"schema":{"@context":"https:\/\/schema.org","@graph":[{"@type":"WebPage","@id":"https:\/\/fundacioncrecer.net\/catalogo\/producto\/pack-guias-3ero-basico-tomo-1-y-2-libro-de-lectura-edicion-2025\/","url":"https:\/\/fundacioncrecer.net\/catalogo\/producto\/pack-guias-3ero-basico-tomo-1-y-2-libro-de-lectura-edicion-2025\/","name":"PACK 3 BASICO GUIAS DEL ESTUDIANTE + LIBRO DE LECTURA - Cat\u00e1logo Fundaci\u00f3n Crecer con Todos","isPartOf":{"@id":"https:\/\/fundacioncrecer.net\/catalogo\/#website"},"primaryImageOfPage":{"@id":"https:\/\/fundacioncrecer.net\/catalogo\/producto\/pack-guias-3ero-basico-tomo-1-y-2-libro-de-lectura-edicion-2025\/#primaryimage"},"image":{"@id":"https:\/\/fundacioncrecer.net\/catalogo\/producto\/pack-guias-3ero-basico-tomo-1-y-2-libro-de-lectura-edicion-2025\/#primaryimage"},"thumbnailUrl":"https:\/\/fundacioncrecer.net\/catalogo\/wp-content\/uploads\/2025\/09\/3ero-basico-scaled.png","datePublished":"2025-09-25T18:09:29+00:00","dateModified":"2026-03-23T16:39:52+00:00","breadcrumb":{"@id":"https:\/\/fundacioncrecer.net\/catalogo\/producto\/pack-guias-3ero-basico-tomo-1-y-2-libro-de-lectura-edicion-2025\/#breadcrumb"},"inLanguage":"es","potentialAction":[{"@type":"ReadAction","target":["https:\/\/fundacioncrecer.net\/catalogo\/producto\/pack-guias-3ero-basico-tomo-1-y-2-libro-de-lectura-edicion-2025\/"]}]},{"@type":"ImageObject","inLanguage":"es","@id":"https:\/\/fundacioncrecer.net\/catalogo\/producto\/pack-guias-3ero-basico-tomo-1-y-2-libro-de-lectura-edicion-2025\/#primaryimage","url":"https:\/\/fundacioncrecer.net\/catalogo\/wp-content\/uploads\/2025\/09\/3ero-basico-scaled.png","contentUrl":"https:\/\/fundacioncrecer.net\/catalogo\/wp-content\/uploads\/2025\/09\/3ero-basico-scaled.png","width":2549,"height":2560},{"@type":"BreadcrumbList","@id":"https:\/\/fundacioncrecer.net\/catalogo\/producto\/pack-guias-3ero-basico-tomo-1-y-2-libro-de-lectura-edicion-2025\/#breadcrumb","itemListElement":[{"@type":"ListItem","position":1,"name":"Portada","item":"https:\/\/fundacioncrecer.net\/catalogo\/"},{"@type":"ListItem","position":2,"name":"Tienda","item":"https:\/\/fundacioncrecer.net\/catalogo\/"},{"@type":"ListItem","position":3,"name":"PACK 3 BASICO GUIAS DEL ESTUDIANTE + LIBRO DE LECTURA"}]},{"@type":"WebSite","@id":"https:\/\/fundacioncrecer.net\/catalogo\/#website","url":"https:\/\/fundacioncrecer.net\/catalogo\/","name":"Cat\u00e1logo Fundaci\u00f3n Crecer con Todos","description":"Cat\u00e1logo Fundaci\u00f3n Crecer con Todos","publisher":{"@id":"https:\/\/fundacioncrecer.net\/catalogo\/#organization"},"potentialAction":[{"@type":"SearchAction","target":{"@type":"EntryPoint","urlTemplate":"https:\/\/fundacioncrecer.net\/catalogo\/?s={search_term_string}"},"query-input":{"@type":"PropertyValueSpecification","valueRequired":true,"valueName":"search_term_string"}}],"inLanguage":"es"},{"@type":"Organization","@id":"https:\/\/fundacioncrecer.net\/catalogo\/#organization","name":"Cat\u00e1logo Fundaci\u00f3n Crecer con Todos","url":"https:\/\/fundacioncrecer.net\/catalogo\/","logo":{"@type":"ImageObject","inLanguage":"es","@id":"https:\/\/fundacioncrecer.net\/catalogo\/#\/schema\/logo\/image\/","url":"https:\/\/fundacioncrecer.net\/catalogo\/wp-content\/uploads\/2022\/03\/cropped-logo.CCT_.primero.lee_-e1642468348196.png","contentUrl":"https:\/\/fundacioncrecer.net\/catalogo\/wp-content\/uploads\/2022\/03\/cropped-logo.CCT_.primero.lee_-e1642468348196.png","width":500,"height":243,"caption":"Cat\u00e1logo Fundaci\u00f3n Crecer con Todos"},"image":{"@id":"https:\/\/fundacioncrecer.net\/catalogo\/#\/schema\/logo\/image\/"}}]}},"_links":{"self":[{"href":"https:\/\/fundacioncrecer.net\/catalogo\/wp-json\/wp\/v2\/product\/1068","targetHints":{"allow":["GET"]}}],"collection":[{"href":"https:\/\/fundacioncrecer.net\/catalogo\/wp-json\/wp\/v2\/product"}],"about":[{"href":"https:\/\/fundacioncrecer.net\/catalogo\/wp-json\/wp\/v2\/types\/product"}],"replies":[{"embeddable":true,"href":"https:\/\/fundacioncrecer.net\/catalogo\/wp-json\/wp\/v2\/comments?post=1068"}],"wp:featuredmedia":[{"embeddable":true,"href":"https:\/\/fundacioncrecer.net\/catalogo\/wp-json\/wp\/v2\/media\/1069"}],"wp:attachment":[{"href":"https:\/\/fundacioncrecer.net\/catalogo\/wp-json\/wp\/v2\/media?parent=1068"}],"wp:term":[{"taxonomy":"product_brand","embeddable":true,"href":"https:\/\/fundacioncrecer.net\/catalogo\/wp-json\/wp\/v2\/product_brand?post=1068"},{"taxonomy":"product_cat","embeddable":true,"href":"https:\/\/fundacioncrecer.net\/catalogo\/wp-json\/wp\/v2\/product_cat?post=1068"},{"taxonomy":"product_tag","embeddable":true,"href":"https:\/\/fundacioncrecer.net\/catalogo\/wp-json\/wp\/v2\/product_tag?post=1068"}],"curies":[{"name":"wp","href":"https:\/\/api.w.org\/{rel}","templated":true}]}}