{"id":655,"date":"2025-09-25T14:00:23","date_gmt":"2025-09-25T14:00:23","guid":{"rendered":"https:\/\/fundacioncrecer.net\/catalogo\/?post_type=product&#038;p=655"},"modified":"2026-03-21T12:14:44","modified_gmt":"2026-03-21T12:14:44","slug":"pack-guias-del-estudiante-2o-basico-tomo-anual-mas-libro-de-lectura-antologia","status":"publish","type":"product","link":"https:\/\/fundacioncrecer.net\/catalogo\/producto\/pack-guias-del-estudiante-2o-basico-tomo-anual-mas-libro-de-lectura-antologia\/","title":{"rendered":"PACK 2 BASICO GUIA DEL ESTUDIANTE ANUAL + LIBRO DE LECTURA"},"content":{"rendered":"<div>Libro para los\/as estudiantes con actividades para apoyar y consolidar las habilidades de lectura y escritura comprensiva.<\/div>\n<div><\/div>\n<div>El programa de 2\u00b0 b\u00e1sico se organiza en 7 unidades tem\u00e1ticas a lo largo del a\u00f1o acad\u00e9mico, para que los\/as estudiantes logren los Objetivos de Aprendizaje propuestos por las Bases Curriculares para la asignatura de Lenguaje y Comunicaci\u00f3n.\u00a0 En el pack viene incluido un libro de lectura que aporta consistentemente al logro de los aprendizajes de la gu\u00eda del estudiante. Adem\u00e1s, de ser un libro que promueve la lectura y el goce lector.<\/div>\n<div><\/div>\n<div>Ficha t\u00e9cnica:<\/div>\n<div>\n<ul>\n<li>Gu\u00eda del estudiante: Libro anillado, tapa blanda, tama\u00f1o carta y con p\u00e1ginas a todo color.<\/li>\n<li>Libro de lectura: Libro con lomo, tapa blanda, tama\u00f1o carta y con p\u00e1ginas a todo color.<\/li>\n<\/ul>\n<\/div>\n<div><\/div>\n","protected":false},"excerpt":{"rendered":"<p>Libro para los\/as estudiantes con actividades para apoyar y consolidar las habilidades de lectura y escritura comprensiva. El programa de 2\u00b0 b\u00e1sico se organiza en 7 unidades tem\u00e1ticas a lo largo del a\u00f1o acad\u00e9mico, para que los\/as estudiantes logren los Objetivos de Aprendizaje propuestos por las Bases Curriculares para la asignatura de Lenguaje y Comunicaci\u00f3n.\u00a0 [&hellip;]<\/p>\n","protected":false},"featured_media":1099,"comment_status":"open","ping_status":"closed","template":"","meta":[],"product_brand":[],"product_cat":[41,48],"product_tag":[],"class_list":{"0":"post-655","1":"product","2":"type-product","3":"status-publish","4":"has-post-thumbnail","6":"product_cat-guia","7":"product_cat-libro","9":"first","10":"instock","11":"shipping-taxable","12":"purchasable","13":"product-type-simple"},"yoast_head":"<!-- This site is optimized with the Yoast SEO plugin v26.9 - https:\/\/yoast.com\/product\/yoast-seo-wordpress\/ -->\n<title>PACK 2 BASICO GUIA DEL ESTUDIANTE ANUAL + LIBRO DE LECTURA - Cat\u00e1logo Fundaci\u00f3n Crecer con Todos<\/title>\n<meta name=\"description\" content=\"Libro con actividades para apoyar y consolidar las habilidades de lectura y escritura comprensiva de los ni\u00f1os y ni\u00f1as.El programa de 2\u00b0 b\u00e1sico se organiza en 7 unidades tem\u00e1ticas a lo largo del a\u00f1o acad\u00e9mico, para que los ni\u00f1os y ni\u00f1as logren los Objetivos de Aprendizaje propuestos por las Bases Curriculares para la asignatura de Lenguaje y Comunicaci\u00f3n.\" \/>\n<meta name=\"robots\" content=\"index, follow, max-snippet:-1, max-image-preview:large, max-video-preview:-1\" \/>\n<link rel=\"canonical\" href=\"https:\/\/fundacioncrecer.net\/catalogo\/producto\/pack-guias-del-estudiante-2o-basico-tomo-anual-mas-libro-de-lectura-antologia\/\" \/>\n<meta property=\"og:locale\" content=\"es_ES\" \/>\n<meta property=\"og:type\" content=\"article\" \/>\n<meta property=\"og:title\" content=\"PACK 2 BASICO GUIA DEL ESTUDIANTE ANUAL + LIBRO DE LECTURA - Cat\u00e1logo Fundaci\u00f3n Crecer con Todos\" \/>\n<meta property=\"og:description\" content=\"Libro con actividades para apoyar y consolidar las habilidades de lectura y escritura comprensiva de los ni\u00f1os y ni\u00f1as.El programa de 2\u00b0 b\u00e1sico se organiza en 7 unidades tem\u00e1ticas a lo largo del a\u00f1o acad\u00e9mico, para que los ni\u00f1os y ni\u00f1as logren los Objetivos de Aprendizaje propuestos por las Bases Curriculares para la asignatura de Lenguaje y Comunicaci\u00f3n.\" \/>\n<meta property=\"og:url\" content=\"https:\/\/fundacioncrecer.net\/catalogo\/producto\/pack-guias-del-estudiante-2o-basico-tomo-anual-mas-libro-de-lectura-antologia\/\" \/>\n<meta property=\"og:site_name\" content=\"Cat\u00e1logo Fundaci\u00f3n Crecer con Todos\" \/>\n<meta property=\"article:modified_time\" content=\"2026-03-21T12:14:44+00:00\" \/>\n<meta property=\"og:image\" content=\"https:\/\/fundacioncrecer.net\/catalogo\/wp-content\/uploads\/2025\/09\/PACK-2B-GE-PACK-2o-BASICO-2.png\" \/>\n\t<meta property=\"og:image:width\" content=\"1151\" \/>\n\t<meta property=\"og:image:height\" content=\"1187\" \/>\n\t<meta property=\"og:image:type\" content=\"image\/png\" \/>\n<meta name=\"twitter:card\" content=\"summary_large_image\" \/>\n<meta name=\"twitter:label1\" content=\"Tiempo de lectura\" \/>\n\t<meta name=\"twitter:data1\" content=\"1 minuto\" \/>\n<script type=\"application\/ld+json\" class=\"yoast-schema-graph\">{\"@context\":\"https:\/\/schema.org\",\"@graph\":[{\"@type\":\"WebPage\",\"@id\":\"https:\/\/fundacioncrecer.net\/catalogo\/producto\/pack-guias-del-estudiante-2o-basico-tomo-anual-mas-libro-de-lectura-antologia\/\",\"url\":\"https:\/\/fundacioncrecer.net\/catalogo\/producto\/pack-guias-del-estudiante-2o-basico-tomo-anual-mas-libro-de-lectura-antologia\/\",\"name\":\"PACK 2 BASICO GUIA DEL ESTUDIANTE ANUAL + LIBRO DE LECTURA - Cat\u00e1logo Fundaci\u00f3n Crecer con Todos\",\"isPartOf\":{\"@id\":\"https:\/\/fundacioncrecer.net\/catalogo\/#website\"},\"primaryImageOfPage\":{\"@id\":\"https:\/\/fundacioncrecer.net\/catalogo\/producto\/pack-guias-del-estudiante-2o-basico-tomo-anual-mas-libro-de-lectura-antologia\/#primaryimage\"},\"image\":{\"@id\":\"https:\/\/fundacioncrecer.net\/catalogo\/producto\/pack-guias-del-estudiante-2o-basico-tomo-anual-mas-libro-de-lectura-antologia\/#primaryimage\"},\"thumbnailUrl\":\"https:\/\/fundacioncrecer.net\/catalogo\/wp-content\/uploads\/2025\/09\/PACK-2B-GE-PACK-2o-BASICO-2.png\",\"datePublished\":\"2025-09-25T14:00:23+00:00\",\"dateModified\":\"2026-03-21T12:14:44+00:00\",\"description\":\"Libro con actividades para apoyar y consolidar las habilidades de lectura y escritura comprensiva de los ni\u00f1os y ni\u00f1as.El programa de 2\u00b0 b\u00e1sico se organiza en 7 unidades tem\u00e1ticas a lo largo del a\u00f1o acad\u00e9mico, para que los ni\u00f1os y ni\u00f1as logren los Objetivos de Aprendizaje propuestos por las Bases Curriculares para la asignatura de Lenguaje y Comunicaci\u00f3n.\",\"breadcrumb\":{\"@id\":\"https:\/\/fundacioncrecer.net\/catalogo\/producto\/pack-guias-del-estudiante-2o-basico-tomo-anual-mas-libro-de-lectura-antologia\/#breadcrumb\"},\"inLanguage\":\"es\",\"potentialAction\":[{\"@type\":\"ReadAction\",\"target\":[\"https:\/\/fundacioncrecer.net\/catalogo\/producto\/pack-guias-del-estudiante-2o-basico-tomo-anual-mas-libro-de-lectura-antologia\/\"]}]},{\"@type\":\"ImageObject\",\"inLanguage\":\"es\",\"@id\":\"https:\/\/fundacioncrecer.net\/catalogo\/producto\/pack-guias-del-estudiante-2o-basico-tomo-anual-mas-libro-de-lectura-antologia\/#primaryimage\",\"url\":\"https:\/\/fundacioncrecer.net\/catalogo\/wp-content\/uploads\/2025\/09\/PACK-2B-GE-PACK-2o-BASICO-2.png\",\"contentUrl\":\"https:\/\/fundacioncrecer.net\/catalogo\/wp-content\/uploads\/2025\/09\/PACK-2B-GE-PACK-2o-BASICO-2.png\",\"width\":1151,\"height\":1187},{\"@type\":\"BreadcrumbList\",\"@id\":\"https:\/\/fundacioncrecer.net\/catalogo\/producto\/pack-guias-del-estudiante-2o-basico-tomo-anual-mas-libro-de-lectura-antologia\/#breadcrumb\",\"itemListElement\":[{\"@type\":\"ListItem\",\"position\":1,\"name\":\"Portada\",\"item\":\"https:\/\/fundacioncrecer.net\/catalogo\/\"},{\"@type\":\"ListItem\",\"position\":2,\"name\":\"Tienda\",\"item\":\"https:\/\/fundacioncrecer.net\/catalogo\/\"},{\"@type\":\"ListItem\",\"position\":3,\"name\":\"PACK 2 BASICO GUIA DEL ESTUDIANTE ANUAL + LIBRO DE LECTURA\"}]},{\"@type\":\"WebSite\",\"@id\":\"https:\/\/fundacioncrecer.net\/catalogo\/#website\",\"url\":\"https:\/\/fundacioncrecer.net\/catalogo\/\",\"name\":\"Cat\u00e1logo Fundaci\u00f3n Crecer con Todos\",\"description\":\"Cat\u00e1logo Fundaci\u00f3n Crecer con Todos\",\"publisher\":{\"@id\":\"https:\/\/fundacioncrecer.net\/catalogo\/#organization\"},\"potentialAction\":[{\"@type\":\"SearchAction\",\"target\":{\"@type\":\"EntryPoint\",\"urlTemplate\":\"https:\/\/fundacioncrecer.net\/catalogo\/?s={search_term_string}\"},\"query-input\":{\"@type\":\"PropertyValueSpecification\",\"valueRequired\":true,\"valueName\":\"search_term_string\"}}],\"inLanguage\":\"es\"},{\"@type\":\"Organization\",\"@id\":\"https:\/\/fundacioncrecer.net\/catalogo\/#organization\",\"name\":\"Cat\u00e1logo Fundaci\u00f3n Crecer con Todos\",\"url\":\"https:\/\/fundacioncrecer.net\/catalogo\/\",\"logo\":{\"@type\":\"ImageObject\",\"inLanguage\":\"es\",\"@id\":\"https:\/\/fundacioncrecer.net\/catalogo\/#\/schema\/logo\/image\/\",\"url\":\"https:\/\/fundacioncrecer.net\/catalogo\/wp-content\/uploads\/2022\/03\/cropped-logo.CCT_.primero.lee_-e1642468348196.png\",\"contentUrl\":\"https:\/\/fundacioncrecer.net\/catalogo\/wp-content\/uploads\/2022\/03\/cropped-logo.CCT_.primero.lee_-e1642468348196.png\",\"width\":500,\"height\":243,\"caption\":\"Cat\u00e1logo Fundaci\u00f3n Crecer con Todos\"},\"image\":{\"@id\":\"https:\/\/fundacioncrecer.net\/catalogo\/#\/schema\/logo\/image\/\"}}]}<\/script>\n<!-- \/ Yoast SEO plugin. -->","yoast_head_json":{"title":"PACK 2 BASICO GUIA DEL ESTUDIANTE ANUAL + LIBRO DE LECTURA - Cat\u00e1logo Fundaci\u00f3n Crecer con Todos","description":"Libro con actividades para apoyar y consolidar las habilidades de lectura y escritura comprensiva de los ni\u00f1os y ni\u00f1as.El programa de 2\u00b0 b\u00e1sico se organiza en 7 unidades tem\u00e1ticas a lo largo del a\u00f1o acad\u00e9mico, para que los ni\u00f1os y ni\u00f1as logren los Objetivos de Aprendizaje propuestos por las Bases Curriculares para la asignatura de Lenguaje y Comunicaci\u00f3n.","robots":{"index":"index","follow":"follow","max-snippet":"max-snippet:-1","max-image-preview":"max-image-preview:large","max-video-preview":"max-video-preview:-1"},"canonical":"https:\/\/fundacioncrecer.net\/catalogo\/producto\/pack-guias-del-estudiante-2o-basico-tomo-anual-mas-libro-de-lectura-antologia\/","og_locale":"es_ES","og_type":"article","og_title":"PACK 2 BASICO GUIA DEL ESTUDIANTE ANUAL + LIBRO DE LECTURA - Cat\u00e1logo Fundaci\u00f3n Crecer con Todos","og_description":"Libro con actividades para apoyar y consolidar las habilidades de lectura y escritura comprensiva de los ni\u00f1os y ni\u00f1as.El programa de 2\u00b0 b\u00e1sico se organiza en 7 unidades tem\u00e1ticas a lo largo del a\u00f1o acad\u00e9mico, para que los ni\u00f1os y ni\u00f1as logren los Objetivos de Aprendizaje propuestos por las Bases Curriculares para la asignatura de Lenguaje y Comunicaci\u00f3n.","og_url":"https:\/\/fundacioncrecer.net\/catalogo\/producto\/pack-guias-del-estudiante-2o-basico-tomo-anual-mas-libro-de-lectura-antologia\/","og_site_name":"Cat\u00e1logo Fundaci\u00f3n Crecer con Todos","article_modified_time":"2026-03-21T12:14:44+00:00","og_image":[{"width":1151,"height":1187,"url":"https:\/\/fundacioncrecer.net\/catalogo\/wp-content\/uploads\/2025\/09\/PACK-2B-GE-PACK-2o-BASICO-2.png","type":"image\/png"}],"twitter_card":"summary_large_image","twitter_misc":{"Tiempo de lectura":"1 minuto"},"schema":{"@context":"https:\/\/schema.org","@graph":[{"@type":"WebPage","@id":"https:\/\/fundacioncrecer.net\/catalogo\/producto\/pack-guias-del-estudiante-2o-basico-tomo-anual-mas-libro-de-lectura-antologia\/","url":"https:\/\/fundacioncrecer.net\/catalogo\/producto\/pack-guias-del-estudiante-2o-basico-tomo-anual-mas-libro-de-lectura-antologia\/","name":"PACK 2 BASICO GUIA DEL ESTUDIANTE ANUAL + LIBRO DE LECTURA - Cat\u00e1logo Fundaci\u00f3n Crecer con Todos","isPartOf":{"@id":"https:\/\/fundacioncrecer.net\/catalogo\/#website"},"primaryImageOfPage":{"@id":"https:\/\/fundacioncrecer.net\/catalogo\/producto\/pack-guias-del-estudiante-2o-basico-tomo-anual-mas-libro-de-lectura-antologia\/#primaryimage"},"image":{"@id":"https:\/\/fundacioncrecer.net\/catalogo\/producto\/pack-guias-del-estudiante-2o-basico-tomo-anual-mas-libro-de-lectura-antologia\/#primaryimage"},"thumbnailUrl":"https:\/\/fundacioncrecer.net\/catalogo\/wp-content\/uploads\/2025\/09\/PACK-2B-GE-PACK-2o-BASICO-2.png","datePublished":"2025-09-25T14:00:23+00:00","dateModified":"2026-03-21T12:14:44+00:00","description":"Libro con actividades para apoyar y consolidar las habilidades de lectura y escritura comprensiva de los ni\u00f1os y ni\u00f1as.El programa de 2\u00b0 b\u00e1sico se organiza en 7 unidades tem\u00e1ticas a lo largo del a\u00f1o acad\u00e9mico, para que los ni\u00f1os y ni\u00f1as logren los Objetivos de Aprendizaje propuestos por las Bases Curriculares para la asignatura de Lenguaje y Comunicaci\u00f3n.","breadcrumb":{"@id":"https:\/\/fundacioncrecer.net\/catalogo\/producto\/pack-guias-del-estudiante-2o-basico-tomo-anual-mas-libro-de-lectura-antologia\/#breadcrumb"},"inLanguage":"es","potentialAction":[{"@type":"ReadAction","target":["https:\/\/fundacioncrecer.net\/catalogo\/producto\/pack-guias-del-estudiante-2o-basico-tomo-anual-mas-libro-de-lectura-antologia\/"]}]},{"@type":"ImageObject","inLanguage":"es","@id":"https:\/\/fundacioncrecer.net\/catalogo\/producto\/pack-guias-del-estudiante-2o-basico-tomo-anual-mas-libro-de-lectura-antologia\/#primaryimage","url":"https:\/\/fundacioncrecer.net\/catalogo\/wp-content\/uploads\/2025\/09\/PACK-2B-GE-PACK-2o-BASICO-2.png","contentUrl":"https:\/\/fundacioncrecer.net\/catalogo\/wp-content\/uploads\/2025\/09\/PACK-2B-GE-PACK-2o-BASICO-2.png","width":1151,"height":1187},{"@type":"BreadcrumbList","@id":"https:\/\/fundacioncrecer.net\/catalogo\/producto\/pack-guias-del-estudiante-2o-basico-tomo-anual-mas-libro-de-lectura-antologia\/#breadcrumb","itemListElement":[{"@type":"ListItem","position":1,"name":"Portada","item":"https:\/\/fundacioncrecer.net\/catalogo\/"},{"@type":"ListItem","position":2,"name":"Tienda","item":"https:\/\/fundacioncrecer.net\/catalogo\/"},{"@type":"ListItem","position":3,"name":"PACK 2 BASICO GUIA DEL ESTUDIANTE ANUAL + LIBRO DE LECTURA"}]},{"@type":"WebSite","@id":"https:\/\/fundacioncrecer.net\/catalogo\/#website","url":"https:\/\/fundacioncrecer.net\/catalogo\/","name":"Cat\u00e1logo Fundaci\u00f3n Crecer con Todos","description":"Cat\u00e1logo Fundaci\u00f3n Crecer con Todos","publisher":{"@id":"https:\/\/fundacioncrecer.net\/catalogo\/#organization"},"potentialAction":[{"@type":"SearchAction","target":{"@type":"EntryPoint","urlTemplate":"https:\/\/fundacioncrecer.net\/catalogo\/?s={search_term_string}"},"query-input":{"@type":"PropertyValueSpecification","valueRequired":true,"valueName":"search_term_string"}}],"inLanguage":"es"},{"@type":"Organization","@id":"https:\/\/fundacioncrecer.net\/catalogo\/#organization","name":"Cat\u00e1logo Fundaci\u00f3n Crecer con Todos","url":"https:\/\/fundacioncrecer.net\/catalogo\/","logo":{"@type":"ImageObject","inLanguage":"es","@id":"https:\/\/fundacioncrecer.net\/catalogo\/#\/schema\/logo\/image\/","url":"https:\/\/fundacioncrecer.net\/catalogo\/wp-content\/uploads\/2022\/03\/cropped-logo.CCT_.primero.lee_-e1642468348196.png","contentUrl":"https:\/\/fundacioncrecer.net\/catalogo\/wp-content\/uploads\/2022\/03\/cropped-logo.CCT_.primero.lee_-e1642468348196.png","width":500,"height":243,"caption":"Cat\u00e1logo Fundaci\u00f3n Crecer con Todos"},"image":{"@id":"https:\/\/fundacioncrecer.net\/catalogo\/#\/schema\/logo\/image\/"}}]}},"_links":{"self":[{"href":"https:\/\/fundacioncrecer.net\/catalogo\/wp-json\/wp\/v2\/product\/655","targetHints":{"allow":["GET"]}}],"collection":[{"href":"https:\/\/fundacioncrecer.net\/catalogo\/wp-json\/wp\/v2\/product"}],"about":[{"href":"https:\/\/fundacioncrecer.net\/catalogo\/wp-json\/wp\/v2\/types\/product"}],"replies":[{"embeddable":true,"href":"https:\/\/fundacioncrecer.net\/catalogo\/wp-json\/wp\/v2\/comments?post=655"}],"wp:featuredmedia":[{"embeddable":true,"href":"https:\/\/fundacioncrecer.net\/catalogo\/wp-json\/wp\/v2\/media\/1099"}],"wp:attachment":[{"href":"https:\/\/fundacioncrecer.net\/catalogo\/wp-json\/wp\/v2\/media?parent=655"}],"wp:term":[{"taxonomy":"product_brand","embeddable":true,"href":"https:\/\/fundacioncrecer.net\/catalogo\/wp-json\/wp\/v2\/product_brand?post=655"},{"taxonomy":"product_cat","embeddable":true,"href":"https:\/\/fundacioncrecer.net\/catalogo\/wp-json\/wp\/v2\/product_cat?post=655"},{"taxonomy":"product_tag","embeddable":true,"href":"https:\/\/fundacioncrecer.net\/catalogo\/wp-json\/wp\/v2\/product_tag?post=655"}],"curies":[{"name":"wp","href":"https:\/\/api.w.org\/{rel}","templated":true}]}}