{"id":1664,"date":"2019-10-13T22:40:24","date_gmt":"2019-10-14T02:40:24","guid":{"rendered":"https:\/\/fundacioncrecer.net\/?page_id=1664"},"modified":"2020-10-02T17:11:24","modified_gmt":"2020-10-02T21:11:24","slug":"e-nuevos-aliados-en-la-fundacion","status":"publish","type":"page","link":"https:\/\/fundacioncrecer.net\/index.php\/e-nuevos-aliados-en-la-fundacion\/","title":{"rendered":"E-Nuevos aliados en la Fundaci\u00f3n"},"content":{"rendered":"\t\t<div data-elementor-type=\"wp-post\" data-elementor-id=\"1664\" class=\"elementor elementor-1664\">\n\t\t\t\t\t\t<div class=\"elementor-inner\">\n\t\t\t\t<div class=\"elementor-section-wrap\">\n\t\t\t\t\t\t\t\t\t<section class=\"elementor-section elementor-top-section elementor-element elementor-element-0056332 elementor-section-stretched elementor-section-full_width elementor-section-height-default elementor-section-height-default\" data-id=\"0056332\" data-element_type=\"section\" data-settings=\"{&quot;stretch_section&quot;:&quot;section-stretched&quot;}\">\n\t\t\t\t\t\t\t<div class=\"elementor-background-overlay\"><\/div>\n\t\t\t\t\t\t\t<div class=\"elementor-container elementor-column-gap-default\">\n\t\t\t\t\t\t\t<div class=\"elementor-row\">\n\t\t\t\t\t<div class=\"elementor-column elementor-col-100 elementor-top-column elementor-element elementor-element-9612032\" data-id=\"9612032\" data-element_type=\"column\">\n\t\t\t<div class=\"elementor-column-wrap elementor-element-populated\">\n\t\t\t\t\t\t\t<div class=\"elementor-widget-wrap\">\n\t\t\t\t\t\t<div class=\"elementor-element elementor-element-d3c76b4 elementor-widget elementor-widget-html\" data-id=\"d3c76b4\" data-element_type=\"widget\" data-widget_type=\"html.default\">\n\t\t\t\t<div class=\"elementor-widget-container\">\n\t\t\t<!--<div><a href=\"https:\/\/www.facebook.com\/FundCrecerConTodos\/\"><img decoding=\"async\" style=\"padding-top:80px;\" align=\"left\" src=\"https:\/\/fundacioncrecer.net\/wp-content\/uploads\/2019\/10\/facebook29x30.png\" data-fancybox><\/a><\/div>\n<div><a href=\"https:\/\/www.instagram.com\/primerolee\/\"><img decoding=\"async\" style=\"padding-top:80px;\" align=\"left\" src=\"https:\/\/fundacioncrecer.net\/wp-content\/uploads\/2019\/10\/ig28x30.png\" data-fancybox><\/a><\/div>-->\n<div><img decoding=\"async\" style=\"padding-top:35px;padding-right:100px;\" align=\"right\" src=\"https:\/\/fundacioncrecer.net\/wp-content\/uploads\/2019\/11\/logo-programa-Primero-LEE-alta.png\" width=\"370\" alt=\"Paris\"><\/div>\n<style>\n\/* INICIO MEN\u00da COLORES *\/\n.dropdown:hover .dropdown-content {display: block;}\n.dropdown {\n  position: relative;\n  display: inline-block;\n  font-family: raleway;\n}\n.dropdown:hover .dropdown-content-1 {display: block;}\n.dropdown {\n  position: relative;\n  display: inline-block;\n  font-family: raleway;\n}\n.dropdown:hover .dropdown-content-2 {display: block;}\n.dropdown {\n  position: relative;\n  display: inline-block;\n  font-family: raleway;\n}\n.dropdown-content {\n  display: none;\n  position: absolute;\n  background-color: white;\n  min-width: 160px;\n  box-shadow: 0px 8px 16px 0px rgba(0,0,0,0.2);\n  z-index: 1;\n  font-family: raleway;\n}\n.dropdown-content-1 {\n  display: none;\n  position: absolute;\n  background-color: white;\n  min-width: 160px;\n  box-shadow: 0px 8px 16px 0px rgba(0,0,0,0.2);\n  z-index: 1;\n}\n.dropdown-content-2 {\n  display: none;\n  position: absolute;\n  background-color: white;\n  min-width: 160px;\n  box-shadow: 0px 8px 16px 0px rgba(0,0,0,0.2);\n  z-index: 1;\n  font-family: raleway;\n}\n.dropbtn {\n  background-color: white;\n  color: #c05e9b;\n  padding: 10px;\n  font-size: 17px;\n  font-weight: bold;\n  font-family: raleway;\n  border: none;\n}\n.dropbtn-1 {\n  background-color: white;\n  color: #0db9c8;\n  padding: 10px;\n  font-size: 17px;\n  font-weight: bold;\n  border: none;\n  font-family: raleway;\n}\n.dropbtn-2 {\n  background-color: white;\n  color: #eb8240;\n  padding: 10px;\n  font-size: 17px;\n  font-weight: bold;\n  border: none;\n  font-family: raleway;\n}\n.dropdown-content a {\n  color: #c05e9b;\n  padding: 12px 16px;\n  font-size: 15px;\n  text-decoration: none;\n  display: block;\n  font-family: raleway;\n}\n.dropdown-content-1 a {\n  color: #0db9c8;\n  padding: 12px 16px;\n  font-size: 15px;\n  text-decoration: none;\n  display: block;\n  font-family: raleway;\n}\n.dropdown-content-2 a {\n  color: #eb8240;\n  padding: 12px 16px;\n  font-size: 15px;\n  text-decoration: none;\n  display: block;\n  font-family: raleway;\n}\n.dropdown-content a:hover {background-color: #f4c0e0;}\n.dropdown-content-1 a:hover {background-color: #b1edf2;}\n.dropdown-content-2 a:hover {background-color: #f8d1b8;}\n.dropdown:hover .dropbtn {background-color: #f4c0e0;}\n.dropdown:hover .dropbtn-1 {background-color: #b1edf2;}\n.dropdown:hover .dropbtn-2 {background-color: #f8d1b8;}\n\/* FIN COLORES MEN\u00da *\/\n<\/style>\n<div style=\"text-align: center;font-size: 17px; background-color: white;\"><br\/><br\/><br\/>\n    <a style=\"color:#686868;padding-right:15px;\" href=\"https:\/\/fundacioncrecer.net\">INICIO<\/a>\n    <div class=\"dropdown\">\n      <button class=\"dropbtn\">PRIMERO LEE<\/button>\n      <div class=\"dropdown-content\">\n        <!--<a href=\"https:\/\/fundacioncrecer.net\/index.php\/que-es\/\">\u00bfQU\u00c9 ES?<\/a>-->\n        <a href=\"https:\/\/fundacioncrecer.net\/index.php\/que-hacemos\/\">\u00bfQU\u00c9 HACEMOS?<\/a>\n        <a href=\"https:\/\/fundacioncrecer.net\/index.php\/nuestro-modelo-de-trabajo\/\">NUESTRO MODELO DE TRABAJO<\/a>\n        <a href=\"https:\/\/fundacioncrecer.net\/index.php\/como-lo-llevamos-a-cabo\/\">\u00bfC\u00d3MO LO LLEVAMOS A CABO?<\/a>\n        <a href=\"https:\/\/fundacioncrecer.net\/index.php\/donde-estamos\/\">\u00bfD\u00d3NDE ESTAMOS?<\/a>\n        <a href=\"https:\/\/fundacioncrecer.net\/index.php\/estudios\/\">ESTUDIOS<\/a>\n        <a href=\"https:\/\/fundacioncrecer.net\/index.php\/catalogo\/\">CAT\u00c1LOGO<\/a>\n        <a href=\"https:\/\/fundacioncrecer.net\/index.php\/nuestros-cuentos\/\">NUESTROS CUENTOS<\/a>\n        <a href=\"https:\/\/fundacioncrecer.net\/index.php\/aprende-en-casa\/\">APRENDO EN CASA<\/a>\n      <\/div>\n    <\/div>\n    <div class=\"dropdown\">\n      <button class=\"dropbtn-1\">FUNDACI\u00d3N<\/button>\n      <div class=\"dropdown-content-1\">\n        <a href=\"https:\/\/fundacioncrecer.net\/index.php\/quienes-somos\/\">\u00bfQUI\u00c9NES SOMOS?<\/a>\n        <a href=\"https:\/\/fundacioncrecer.net\/index.php\/directorio\/\">DIRECTORIO<\/a>\n        <a href=\"https:\/\/fundacioncrecer.net\/index.php\/equipo\/\">EQUIPO<\/a>\n        <a href=\"https:\/\/fundacioncrecer.net\/index.php\/fecu-social\/\">FECU SOCIAL<\/a>\n      <\/div>\n    <\/div>\n    <div class=\"dropdown\">\n     <button class=\"dropbtn-2\">\n         <a style=\"color: #eb8240;\n  padding: 10px;\n  font-size: 17px;\n  font-weight: bold;\" href=\"https:\/\/fundacioncrecer.net\/index.php\/catalogo\/\">VENTA DE PRODUCTOS<\/a><\/button>\n    <\/div>\n    <div class=\"dropdown\">\n      <button class=\"dropbtn\">NOTICIAS<\/button>\n      <div class=\"dropdown-content\">\n        <a href=\"https:\/\/fundacioncrecer.net\/index.php\/noticias\/\">NOTICIAS<\/a>\n        <!--<a href=\"https:\/\/fundacioncrecer.net\/index.php\/galeria\/\">GALER\u00cdA<\/a>-->\n      <\/div>\n    <\/div>\n    <div class=\"dropdown\">\n      <button class=\"dropbtn-1\">INTRANET<\/button>\n      <div class=\"dropdown-content-1\">\n        <a href=\"https:\/\/recursos.primerolee.cl\/\" target=\"_blank\">RECURSOS<\/a>\n        <a href=\"http:\/\/fundacioncrecer.nnodes.com\/login\" target=\"_blank\">RESULTADOS<\/a>\n      <\/div>\n    <\/div>\n    <div class=\"dropdown\">\n      <button class=\"dropbtn-2\">CONTACTO<\/button>\n      <div class=\"dropdown-content-2\">\n        <a href=\"https:\/\/fundacioncrecer.net\/index.php\/contacto\/\">QUIERO CONTACTARLOS<\/a>\n        <a href=\"https:\/\/fundacioncrecer.net\/index.php\/contacto-aportar\/\">QUIERO APORTAR<\/a>\n      <\/div>\n    <\/div>\n    <\/div>\t\t<\/div>\n\t\t\t\t<\/div>\n\t\t\t\t\t\t<\/div>\n\t\t\t\t\t<\/div>\n\t\t<\/div>\n\t\t\t\t\t\t\t\t<\/div>\n\t\t\t\t\t<\/div>\n\t\t<\/section>\n\t\t\t\t<section class=\"elementor-section elementor-top-section elementor-element elementor-element-7a31f4a6 elementor-section-full_width elementor-section-height-default elementor-section-height-default\" data-id=\"7a31f4a6\" data-element_type=\"section\" data-settings=\"{&quot;background_background&quot;:&quot;classic&quot;}\">\n\t\t\t\t\t\t<div class=\"elementor-container elementor-column-gap-default\">\n\t\t\t\t\t\t\t<div class=\"elementor-row\">\n\t\t\t\t\t<div class=\"elementor-column elementor-col-33 elementor-top-column elementor-element elementor-element-6b94e58d\" data-id=\"6b94e58d\" data-element_type=\"column\">\n\t\t\t<div class=\"elementor-column-wrap\">\n\t\t\t\t\t\t\t<div class=\"elementor-widget-wrap\">\n\t\t\t\t\t\t\t\t<\/div>\n\t\t\t\t\t<\/div>\n\t\t<\/div>\n\t\t\t\t<div class=\"elementor-column elementor-col-33 elementor-top-column elementor-element elementor-element-2d278a38\" data-id=\"2d278a38\" data-element_type=\"column\">\n\t\t\t<div class=\"elementor-column-wrap elementor-element-populated\">\n\t\t\t\t\t\t\t<div class=\"elementor-widget-wrap\">\n\t\t\t\t\t\t<div class=\"elementor-element elementor-element-4a35800f animated-slow elementor-invisible elementor-widget elementor-widget-image\" data-id=\"4a35800f\" data-element_type=\"widget\" data-settings=\"{&quot;_animation&quot;:&quot;slideInUp&quot;}\" data-widget_type=\"image.default\">\n\t\t\t\t<div class=\"elementor-widget-container\">\n\t\t\t\t\t\t\t\t<div class=\"elementor-image\">\n\t\t\t\t\t\t\t\t\t\t\t\t\t<a href=\"https:\/\/fundacioncrecer.net\/index.php\/aprende-en-casa\/\">\n\t\t\t\t\t\t\t<img decoding=\"async\" src=\"https:\/\/fundacioncrecer.net\/wp-content\/uploads\/elementor\/thumbs\/banner_aprendo_en_casav4-on3kvt4a7x526u2wg1qrtny79ijunxwyadzi4qx0gi.png\" title=\"\" alt=\"\" \/>\t\t\t\t\t\t\t\t<\/a>\n\t\t\t\t\t\t\t\t\t\t\t\t\t\t<\/div>\n\t\t\t\t\t\t<\/div>\n\t\t\t\t<\/div>\n\t\t\t\t\t\t<\/div>\n\t\t\t\t\t<\/div>\n\t\t<\/div>\n\t\t\t\t<div class=\"elementor-column elementor-col-33 elementor-top-column elementor-element elementor-element-228295f6\" data-id=\"228295f6\" data-element_type=\"column\">\n\t\t\t<div class=\"elementor-column-wrap\">\n\t\t\t\t\t\t\t<div class=\"elementor-widget-wrap\">\n\t\t\t\t\t\t\t\t<\/div>\n\t\t\t\t\t<\/div>\n\t\t<\/div>\n\t\t\t\t\t\t\t\t<\/div>\n\t\t\t\t\t<\/div>\n\t\t<\/section>\n\t\t\t\t<section class=\"elementor-section elementor-top-section elementor-element elementor-element-1cee2b3b elementor-section-full_width elementor-section-stretched elementor-section-height-default elementor-section-height-default\" data-id=\"1cee2b3b\" data-element_type=\"section\" data-settings=\"{&quot;stretch_section&quot;:&quot;section-stretched&quot;}\">\n\t\t\t\t\t\t<div class=\"elementor-container elementor-column-gap-default\">\n\t\t\t\t\t\t\t<div class=\"elementor-row\">\n\t\t\t\t\t<div class=\"elementor-column elementor-col-100 elementor-top-column elementor-element elementor-element-7219b99\" data-id=\"7219b99\" data-element_type=\"column\">\n\t\t\t<div class=\"elementor-column-wrap elementor-element-populated\">\n\t\t\t\t\t\t\t<div class=\"elementor-widget-wrap\">\n\t\t\t\t\t\t<div class=\"elementor-element elementor-element-5a55ad5b animated-slow elementor-invisible elementor-widget elementor-widget-heading\" data-id=\"5a55ad5b\" data-element_type=\"widget\" data-settings=\"{&quot;_animation&quot;:&quot;slideInUp&quot;}\" data-widget_type=\"heading.default\">\n\t\t\t\t<div class=\"elementor-widget-container\">\n\t\t\t<h1 class=\"elementor-heading-title elementor-size-xxl\">Nuevos aliados en la Fundaci\u00f3n\u200b<\/h1>\t\t<\/div>\n\t\t\t\t<\/div>\n\t\t\t\t\t\t<\/div>\n\t\t\t\t\t<\/div>\n\t\t<\/div>\n\t\t\t\t\t\t\t\t<\/div>\n\t\t\t\t\t<\/div>\n\t\t<\/section>\n\t\t\t\t<section class=\"elementor-section elementor-top-section elementor-element elementor-element-4f4542d9 elementor-section-full_width elementor-section-stretched elementor-section-height-default elementor-section-height-default\" data-id=\"4f4542d9\" data-element_type=\"section\" data-settings=\"{&quot;stretch_section&quot;:&quot;section-stretched&quot;}\">\n\t\t\t\t\t\t<div class=\"elementor-container elementor-column-gap-extended\">\n\t\t\t\t\t\t\t<div class=\"elementor-row\">\n\t\t\t\t\t<div class=\"elementor-column elementor-col-20 elementor-top-column elementor-element elementor-element-16508eee\" data-id=\"16508eee\" data-element_type=\"column\">\n\t\t\t<div class=\"elementor-column-wrap\">\n\t\t\t\t\t\t\t<div class=\"elementor-widget-wrap\">\n\t\t\t\t\t\t\t\t<\/div>\n\t\t\t\t\t<\/div>\n\t\t<\/div>\n\t\t\t\t<div class=\"elementor-column elementor-col-20 elementor-top-column elementor-element elementor-element-3fa386ad rounded shadow-3d\" data-id=\"3fa386ad\" data-element_type=\"column\" data-settings=\"{&quot;background_background&quot;:&quot;classic&quot;}\">\n\t\t\t<div class=\"elementor-column-wrap elementor-element-populated\">\n\t\t\t\t\t\t\t<div class=\"elementor-widget-wrap\">\n\t\t\t\t\t\t<div class=\"elementor-element elementor-element-f5cf105 elementor-widget elementor-widget-image\" data-id=\"f5cf105\" data-element_type=\"widget\" data-widget_type=\"image.default\">\n\t\t\t\t<div class=\"elementor-widget-container\">\n\t\t\t\t\t\t\t\t<div class=\"elementor-image\">\n\t\t\t\t\t\t\t\t\t\t\t\t<img loading=\"lazy\" decoding=\"async\" width=\"768\" height=\"531\" src=\"https:\/\/fundacioncrecer.net\/wp-content\/uploads\/2019\/06\/5-Nuevos-socios-estrat\u00e9gicos-2018-768x531.jpg\" class=\"attachment-medium_large size-medium_large\" alt=\"\" srcset=\"https:\/\/fundacioncrecer.net\/wp-content\/uploads\/2019\/06\/5-Nuevos-socios-estrat\u00e9gicos-2018-768x531.jpg 768w, https:\/\/fundacioncrecer.net\/wp-content\/uploads\/2019\/06\/5-Nuevos-socios-estrat\u00e9gicos-2018-600x415.jpg 600w, https:\/\/fundacioncrecer.net\/wp-content\/uploads\/2019\/06\/5-Nuevos-socios-estrat\u00e9gicos-2018-300x208.jpg 300w, https:\/\/fundacioncrecer.net\/wp-content\/uploads\/2019\/06\/5-Nuevos-socios-estrat\u00e9gicos-2018-1024x709.jpg 1024w\" sizes=\"(max-width: 768px) 100vw, 768px\" \/>\t\t\t\t\t\t\t\t\t\t\t\t\t\t<\/div>\n\t\t\t\t\t\t<\/div>\n\t\t\t\t<\/div>\n\t\t\t\t\t\t<\/div>\n\t\t\t\t\t<\/div>\n\t\t<\/div>\n\t\t\t\t<div class=\"elementor-column elementor-col-20 elementor-top-column elementor-element elementor-element-7b723815\" data-id=\"7b723815\" data-element_type=\"column\">\n\t\t\t<div class=\"elementor-column-wrap\">\n\t\t\t\t\t\t\t<div class=\"elementor-widget-wrap\">\n\t\t\t\t\t\t\t\t<\/div>\n\t\t\t\t\t<\/div>\n\t\t<\/div>\n\t\t\t\t<div class=\"elementor-column elementor-col-20 elementor-top-column elementor-element elementor-element-31a2636 rounded shadow-3d\" data-id=\"31a2636\" data-element_type=\"column\" data-settings=\"{&quot;background_background&quot;:&quot;classic&quot;}\">\n\t\t\t<div class=\"elementor-column-wrap elementor-element-populated\">\n\t\t\t\t\t\t\t<div class=\"elementor-widget-wrap\">\n\t\t\t\t\t\t<div class=\"elementor-element elementor-element-732d4a3 animated-slow elementor-invisible elementor-widget elementor-widget-text-editor\" data-id=\"732d4a3\" data-element_type=\"widget\" data-settings=\"{&quot;_animation&quot;:&quot;slideInUp&quot;}\" data-widget_type=\"text-editor.default\">\n\t\t\t\t<div class=\"elementor-widget-container\">\n\t\t\t\t\t\t\t\t<div class=\"elementor-text-editor elementor-clearfix\">\n\t\t\t\t<p style=\"text-align: justify; color: 7a7a7a;\">por <b>Fundaci\u00f3n Educacional Crecer con Todos<\/b> (30\/06\/2019)<\/p><p style=\"text-align: justify; color: 7a7a7a;\">Inversiones el Clonqui y Compa\u00f1\u00eda Agr\u00edcola del Valle se sumaron este a\u00f1o como socios estrat\u00e9gicos y gracias a su generoso aporte, pudimos implementar el proyecto en dos colegios de la comuna Mar\u00eda Pinto. Este a\u00f1o, tambi\u00e9n se comenz\u00f3 a trabajar con la Corporaci\u00f3n Educacional del Arzobispado de Santiago (CEAS), para quien se est\u00e1 implementando una parte del programa Primero LEE en ocho establecimientos de la Regi\u00f3n Metropolitana y uno en Cunco Chico. Asimismo, y gracias al aporte de Falabella, se sumaron al programa tres escuelas en Santiago y una de Puente Alto.<\/p>\t\t\t\t\t<\/div>\n\t\t\t\t\t\t<\/div>\n\t\t\t\t<\/div>\n\t\t\t\t<div class=\"elementor-element elementor-element-bf0095f elementor-shape-circle e-grid-align-right elementor-grid-0 elementor-widget elementor-widget-social-icons\" data-id=\"bf0095f\" data-element_type=\"widget\" data-widget_type=\"social-icons.default\">\n\t\t\t\t<div class=\"elementor-widget-container\">\n\t\t\t\t\t<div class=\"elementor-social-icons-wrapper elementor-grid\">\n\t\t\t\t\t\t\t<span class=\"elementor-grid-item\">\n\t\t\t\t\t<a class=\"elementor-icon elementor-social-icon elementor-social-icon-facebook elementor-repeater-item-ee351dd\" href=\"https:\/\/www.facebook.com\/PrimeroLee\/\" target=\"_blank\">\n\t\t\t\t\t\t<span class=\"elementor-screen-only\">Facebook<\/span>\n\t\t\t\t\t\t<i class=\"fab fa-facebook\"><\/i>\t\t\t\t\t<\/a>\n\t\t\t\t<\/span>\n\t\t\t\t\t\t\t<span class=\"elementor-grid-item\">\n\t\t\t\t\t<a class=\"elementor-icon elementor-social-icon elementor-social-icon-instagram elementor-repeater-item-25fd7d6\" href=\"https:\/\/www.instagram.com\/primerolee\/\" target=\"_blank\">\n\t\t\t\t\t\t<span class=\"elementor-screen-only\">Instagram<\/span>\n\t\t\t\t\t\t<i class=\"fab fa-instagram\"><\/i>\t\t\t\t\t<\/a>\n\t\t\t\t<\/span>\n\t\t\t\t\t<\/div>\n\t\t\t\t<\/div>\n\t\t\t\t<\/div>\n\t\t\t\t\t\t<\/div>\n\t\t\t\t\t<\/div>\n\t\t<\/div>\n\t\t\t\t<div class=\"elementor-column elementor-col-20 elementor-top-column elementor-element elementor-element-69895d54\" data-id=\"69895d54\" data-element_type=\"column\">\n\t\t\t<div class=\"elementor-column-wrap\">\n\t\t\t\t\t\t\t<div class=\"elementor-widget-wrap\">\n\t\t\t\t\t\t\t\t<\/div>\n\t\t\t\t\t<\/div>\n\t\t<\/div>\n\t\t\t\t\t\t\t\t<\/div>\n\t\t\t\t\t<\/div>\n\t\t<\/section>\n\t\t\t\t<section class=\"elementor-section elementor-top-section elementor-element elementor-element-7341fb7 elementor-section-full_width elementor-section-height-default elementor-section-height-default\" data-id=\"7341fb7\" data-element_type=\"section\">\n\t\t\t\t\t\t<div class=\"elementor-container elementor-column-gap-default\">\n\t\t\t\t\t\t\t<div class=\"elementor-row\">\n\t\t\t\t\t<div class=\"elementor-column elementor-col-33 elementor-top-column elementor-element elementor-element-638e47b6\" data-id=\"638e47b6\" data-element_type=\"column\">\n\t\t\t<div class=\"elementor-column-wrap elementor-element-populated\">\n\t\t\t\t\t\t\t<div class=\"elementor-widget-wrap\">\n\t\t\t\t\t\t<div class=\"elementor-element elementor-element-1b554d93 elementor-widget elementor-widget-image\" data-id=\"1b554d93\" data-element_type=\"widget\" data-widget_type=\"image.default\">\n\t\t\t\t<div class=\"elementor-widget-container\">\n\t\t\t\t\t\t\t\t<div class=\"elementor-image\">\n\t\t\t\t\t\t\t\t\t\t\t\t<img decoding=\"async\" src=\"https:\/\/fundacioncrecer.net\/wp-content\/uploads\/elementor\/thumbs\/logo-cct-alta-oege9wxwv8i9pshqy91elkhr3armkgiuwuzgpjs40g.png\" title=\"logo-cct-alta\" alt=\"logo-cct-alta\" \/>\t\t\t\t\t\t\t\t\t\t\t\t\t\t<\/div>\n\t\t\t\t\t\t<\/div>\n\t\t\t\t<\/div>\n\t\t\t\t<div class=\"elementor-element elementor-element-7908953 elementor-shape-circle elementor-grid-0 e-grid-align-center elementor-widget elementor-widget-social-icons\" data-id=\"7908953\" data-element_type=\"widget\" data-widget_type=\"social-icons.default\">\n\t\t\t\t<div class=\"elementor-widget-container\">\n\t\t\t\t\t<div class=\"elementor-social-icons-wrapper elementor-grid\">\n\t\t\t\t\t\t\t<span class=\"elementor-grid-item\">\n\t\t\t\t\t<a class=\"elementor-icon elementor-social-icon elementor-social-icon-facebook elementor-repeater-item-ee351dd\" href=\"https:\/\/www.facebook.com\/PrimeroLee\/\" target=\"_blank\">\n\t\t\t\t\t\t<span class=\"elementor-screen-only\">Facebook<\/span>\n\t\t\t\t\t\t<i class=\"fab fa-facebook\"><\/i>\t\t\t\t\t<\/a>\n\t\t\t\t<\/span>\n\t\t\t\t\t\t\t<span class=\"elementor-grid-item\">\n\t\t\t\t\t<a class=\"elementor-icon elementor-social-icon elementor-social-icon-instagram elementor-repeater-item-25fd7d6\" href=\"https:\/\/www.instagram.com\/primerolee\/\" target=\"_blank\">\n\t\t\t\t\t\t<span class=\"elementor-screen-only\">Instagram<\/span>\n\t\t\t\t\t\t<i class=\"fab fa-instagram\"><\/i>\t\t\t\t\t<\/a>\n\t\t\t\t<\/span>\n\t\t\t\t\t<\/div>\n\t\t\t\t<\/div>\n\t\t\t\t<\/div>\n\t\t\t\t\t\t<\/div>\n\t\t\t\t\t<\/div>\n\t\t<\/div>\n\t\t\t\t<div class=\"elementor-column elementor-col-33 elementor-top-column elementor-element elementor-element-181a64a3\" data-id=\"181a64a3\" data-element_type=\"column\">\n\t\t\t<div class=\"elementor-column-wrap elementor-element-populated\">\n\t\t\t\t\t\t\t<div class=\"elementor-widget-wrap\">\n\t\t\t\t\t\t<div class=\"elementor-element elementor-element-6bdf23c7 elementor-widget elementor-widget-heading\" data-id=\"6bdf23c7\" data-element_type=\"widget\" data-widget_type=\"heading.default\">\n\t\t\t\t<div class=\"elementor-widget-container\">\n\t\t\t<h2 class=\"elementor-heading-title elementor-size-xl\">Acerca de\u200b<\/h2>\t\t<\/div>\n\t\t\t\t<\/div>\n\t\t\t\t<div class=\"elementor-element elementor-element-6b654f99 elementor-widget elementor-widget-text-editor\" data-id=\"6b654f99\" data-element_type=\"widget\" data-widget_type=\"text-editor.default\">\n\t\t\t\t<div class=\"elementor-widget-container\">\n\t\t\t\t\t\t\t\t<div class=\"elementor-text-editor elementor-clearfix\">\n\t\t\t\t<p style=\"text-align: justify;\">La Fundaci\u00f3n Educacional Crecer con Todos nace en 2010 para enfrentar la dura y cruda realidad de la educaci\u00f3n chilena, la cual arroja resultados poco alentadores en Lectura:<\/p>\n<p style=\"text-align: justify; font-style: italic;\">&#8220;En Chile, 6 de cada 10 ni\u00f1os que viven en contextos vulnerables no lee o no entiende lo que lee en 4\u00b0 b\u00e1sico. \u00a1Trabajemos con Primero LEE para cambiar HOY esta realidad!&#8221;.<\/p>\t\t\t\t\t<\/div>\n\t\t\t\t\t\t<\/div>\n\t\t\t\t<\/div>\n\t\t\t\t\t\t<\/div>\n\t\t\t\t\t<\/div>\n\t\t<\/div>\n\t\t\t\t<div class=\"elementor-column elementor-col-33 elementor-top-column elementor-element elementor-element-9f73e1f\" data-id=\"9f73e1f\" data-element_type=\"column\">\n\t\t\t<div class=\"elementor-column-wrap elementor-element-populated\">\n\t\t\t\t\t\t\t<div class=\"elementor-widget-wrap\">\n\t\t\t\t\t\t<div class=\"elementor-element elementor-element-684f4157 elementor-widget elementor-widget-heading\" data-id=\"684f4157\" data-element_type=\"widget\" data-widget_type=\"heading.default\">\n\t\t\t\t<div class=\"elementor-widget-container\">\n\t\t\t<h2 class=\"elementor-heading-title elementor-size-xl\">Ubicaci\u00f3n<\/h2>\t\t<\/div>\n\t\t\t\t<\/div>\n\t\t\t\t<div class=\"elementor-element elementor-element-44c40500 elementor-widget elementor-widget-text-editor\" data-id=\"44c40500\" data-element_type=\"widget\" data-widget_type=\"text-editor.default\">\n\t\t\t\t<div class=\"elementor-widget-container\">\n\t\t\t\t\t\t\t\t<div class=\"elementor-text-editor elementor-clearfix\">\n\t\t\t\t<p><b>Direcci\u00f3n:<\/b> Carlos Silva Vild\u00f3sola 1320, of. 201, Providencia, Santiago de Chile.<\/p><p><b>Tel\u00e9fono:<\/b> (562) 22368400<\/p><p><b>E-mail:<\/b> primerolee@fundacioncrecer.net<\/p>\t\t\t\t\t<\/div>\n\t\t\t\t\t\t<\/div>\n\t\t\t\t<\/div>\n\t\t\t\t<div class=\"elementor-element elementor-element-77b62a0d rounded shadow-3d elementor-widget elementor-widget-google_maps\" data-id=\"77b62a0d\" data-element_type=\"widget\" data-widget_type=\"google_maps.default\">\n\t\t\t\t<div class=\"elementor-widget-container\">\n\t\t\t\t\t<div class=\"elementor-custom-embed\">\n\t\t\t<iframe frameborder=\"0\" scrolling=\"no\" marginheight=\"0\" marginwidth=\"0\"\n\t\t\t\t\tsrc=\"https:\/\/maps.google.com\/maps?q=Carlos%20Silva%20Vild%C3%B3sola%201320%2C%20Providencia&#038;t=m&#038;z=14&#038;output=embed&#038;iwloc=near\"\n\t\t\t\t\ttitle=\"Carlos Silva Vild\u00f3sola 1320, Providencia\"\n\t\t\t\t\taria-label=\"Carlos Silva Vild\u00f3sola 1320, Providencia\"\n\t\t\t><\/iframe>\n\t\t<\/div>\n\t\t\t\t<\/div>\n\t\t\t\t<\/div>\n\t\t\t\t<div class=\"elementor-element elementor-element-1bb1a757 elementor-widget elementor-widget-heading\" data-id=\"1bb1a757\" data-element_type=\"widget\" data-widget_type=\"heading.default\">\n\t\t\t\t<div class=\"elementor-widget-container\">\n\t\t\t<p class=\"elementor-heading-title elementor-size-default\">Desarrollado por <a href=\"https:\/\/www.turingsofttech.com\">TuringSoft Technologies SpA.<\/a><\/p>\t\t<\/div>\n\t\t\t\t<\/div>\n\t\t\t\t\t\t<\/div>\n\t\t\t\t\t<\/div>\n\t\t<\/div>\n\t\t\t\t\t\t\t\t<\/div>\n\t\t\t\t\t<\/div>\n\t\t<\/section>\n\t\t\t\t\t\t\t\t\t<\/div>\n\t\t\t<\/div>\n\t\t\t\t\t<\/div>\n\t\t<div class=\"clearfix\"><\/div>","protected":false},"excerpt":{"rendered":"<p>INICIO PRIMERO LEE \u00bfQU\u00c9 HACEMOS? NUESTRO MODELO DE TRABAJO \u00bfC\u00d3MO LO LLEVAMOS A CABO? \u00bfD\u00d3NDE&#8230;<\/p>\n","protected":false},"author":1,"featured_media":0,"parent":0,"menu_order":0,"comment_status":"closed","ping_status":"closed","template":"elementor_header_footer","meta":{"footnotes":""},"class_list":["post-1664","page","type-page","status-publish","hentry"],"_links":{"self":[{"href":"https:\/\/fundacioncrecer.net\/index.php\/wp-json\/wp\/v2\/pages\/1664"}],"collection":[{"href":"https:\/\/fundacioncrecer.net\/index.php\/wp-json\/wp\/v2\/pages"}],"about":[{"href":"https:\/\/fundacioncrecer.net\/index.php\/wp-json\/wp\/v2\/types\/page"}],"author":[{"embeddable":true,"href":"https:\/\/fundacioncrecer.net\/index.php\/wp-json\/wp\/v2\/users\/1"}],"replies":[{"embeddable":true,"href":"https:\/\/fundacioncrecer.net\/index.php\/wp-json\/wp\/v2\/comments?post=1664"}],"version-history":[{"count":38,"href":"https:\/\/fundacioncrecer.net\/index.php\/wp-json\/wp\/v2\/pages\/1664\/revisions"}],"predecessor-version":[{"id":3778,"href":"https:\/\/fundacioncrecer.net\/index.php\/wp-json\/wp\/v2\/pages\/1664\/revisions\/3778"}],"wp:attachment":[{"href":"https:\/\/fundacioncrecer.net\/index.php\/wp-json\/wp\/v2\/media?parent=1664"}],"curies":[{"name":"wp","href":"https:\/\/api.w.org\/{rel}","templated":true}]}}